{"id":9,"date":"2014-07-19T14:11:09","date_gmt":"2014-07-19T13:11:09","guid":{"rendered":"http:\/\/psychomotricien-lille.fr\/?page_id=9"},"modified":"2021-01-25T12:47:01","modified_gmt":"2021-01-25T11:47:01","slug":"contact","status":"publish","type":"page","link":"http:\/\/psychomotricien-lille.fr\/?page_id=9","title":{"rendered":"Contact"},"content":{"rendered":"<div class=\"style-326 style-local-9-c1 position-relative\" data-colibri-id=\"9-c1\">\n<div id=\"initial-content\" class=\"h-section h-section-global-spacing d-flex align-items-lg-center align-items-md-center align-items-center style-327 style-local-9-c2 position-relative\" data-colibri-component=\"section\" data-colibri-id=\"9-c2\">\n<div class=\"h-section-grid-container h-section-boxed-container\">\n<div class=\"h-row-container gutters-row-lg-2 gutters-row-md-2 gutters-row-0 gutters-row-v-lg-2 gutters-row-v-md-2 gutters-row-v-2 style-328 style-local-9-c3 position-relative\" data-colibri-id=\"9-c3\">\n<div class=\"h-row justify-content-lg-center justify-content-md-center justify-content-center align-items-lg-stretch align-items-md-stretch align-items-stretch gutters-col-lg-2 gutters-col-md-2 gutters-col-0 gutters-col-v-lg-2 gutters-col-v-md-2 gutters-col-v-2\">\n<div class=\"h-column h-column-container d-flex h-col-lg-auto h-col-md-auto h-col-auto style-329-outer style-local-9-c4-outer\">\n<div class=\"d-flex h-flex-basis h-column__inner h-px-lg-2 h-px-md-2 h-px-2 v-inner-lg-2 v-inner-md-2 v-inner-2 style-329 style-local-9-c4 position-relative\" data-colibri-id=\"9-c4\">\n<div class=\"w-100 h-y-container h-column__content h-column__v-align flex-basis-100 align-self-lg-start align-self-md-start align-self-start\">\n<div class=\"style-330 style-local-9-c5 position-relative h-element\" data-colibri-id=\"9-c5\">\n<div>\n<p style=\"text-align: center;\">\u00a0Notre cabinet est situ\u00e9 :<\/p>\n<p style=\"text-align: center;\"><span style=\"font-size: 26px;\"><strong>102 rue de la Louvi\u00e8re<\/strong><br \/>\n<strong>59800 Lille<\/strong><\/span><\/p>\n<p><iframe loading=\"lazy\" style=\"border: 0;\" src=\"https:\/\/www.google.com\/maps\/embed?pb=!1m18!1m12!1m3!1d2529.986944978875!2d3.0862391999999956!3d50.64593359999999!2m3!1f0!2f0!3f0!3m2!1i1024!2i768!4f13.1!3m3!1m2!1s0x47c32a0f0ef3b347%3A0xff06e0bfde7fd690!2s102+Rue+de+la+Louvi%C3%A8re%2C+59800+Lille!5e0!3m2!1sfr!2sfr!4v1405872993455\" width=\"1000\" height=\"300\" frameborder=\"0\" align=\"center\"><\/iframe><\/p>\n<h2 style=\"text-align: center;\">Nous contacter<\/h2>\n<hr \/>\n<p style=\"text-align: center;\">Par t\u00e9l\u00e9phone :<\/p>\n<p style=\"text-align: center;\"><strong><span style=\"font-size: 26px;\">06 \u00a063\u00a0 63\u00a0 34\u00a0 03<\/span><\/strong><\/p>\n<p style=\"text-align: center;\">Par email :<\/p>\n<h3 style=\"text-align: center;\"><strong>contact@psychomotricien-lille.fr<\/strong><\/h3>\n<\/div>\n<\/div>\n<\/div>\n<\/div>\n<\/div>\n<\/div>\n<\/div>\n<\/div>\n<\/div>\n<\/div>\n","protected":false},"excerpt":{"rendered":"<p>\u00a0Notre cabinet est situ\u00e9 : 102 rue de la Louvi\u00e8re 59800 Lille Nous contacter Par t\u00e9l\u00e9phone : 06 \u00a063\u00a0 63\u00a0 34\u00a0 03 Par email : contact@psychomotricien-lille.fr<\/p>\n","protected":false},"author":1,"featured_media":0,"parent":0,"menu_order":6,"comment_status":"closed","ping_status":"closed","template":"page-templates\/full-width-page.php","meta":[],"_links":{"self":[{"href":"http:\/\/psychomotricien-lille.fr\/index.php?rest_route=\/wp\/v2\/pages\/9"}],"collection":[{"href":"http:\/\/psychomotricien-lille.fr\/index.php?rest_route=\/wp\/v2\/pages"}],"about":[{"href":"http:\/\/psychomotricien-lille.fr\/index.php?rest_route=\/wp\/v2\/types\/page"}],"author":[{"embeddable":true,"href":"http:\/\/psychomotricien-lille.fr\/index.php?rest_route=\/wp\/v2\/users\/1"}],"replies":[{"embeddable":true,"href":"http:\/\/psychomotricien-lille.fr\/index.php?rest_route=%2Fwp%2Fv2%2Fcomments&post=9"}],"version-history":[{"count":21,"href":"http:\/\/psychomotricien-lille.fr\/index.php?rest_route=\/wp\/v2\/pages\/9\/revisions"}],"predecessor-version":[{"id":760,"href":"http:\/\/psychomotricien-lille.fr\/index.php?rest_route=\/wp\/v2\/pages\/9\/revisions\/760"}],"wp:attachment":[{"href":"http:\/\/psychomotricien-lille.fr\/index.php?rest_route=%2Fwp%2Fv2%2Fmedia&parent=9"}],"curies":[{"name":"wp","href":"https:\/\/api.w.org\/{rel}","templated":true}]}}