{"id":275,"date":"2014-08-26T18:11:40","date_gmt":"2014-08-26T17:11:40","guid":{"rendered":"http:\/\/psychomotricien-lille.fr\/?page_id=275"},"modified":"2021-02-20T10:36:35","modified_gmt":"2021-02-20T09:36:35","slug":"de-quoi-parle-t-on","status":"publish","type":"page","link":"http:\/\/psychomotricien-lille.fr\/?page_id=275","title":{"rendered":"De quoi parle-t-on ?"},"content":{"rendered":"<p style=\"text-align: justify;\">LE <strong>DYNAMICAL\u00a0NEUROFEEDBACK\u00ae\u00a0<\/strong>EST UN SYSTEME D\u2019ENTRAINEMENT DU CERVEAU.<\/p>\n<p style=\"text-align: justify;\">C\u2019EST UN OUTIL QUI S\u2019APPUIE SUR LA PLASTICITE NEURONALE, DE RESILIENCE ET D\u2019APPRENTISSAGE POUR CONDUIRE LE SYSTEME NERVEUX \u00c0 REGULARISER SON ACTIVITE ELECTRIQUE.<\/p>\n<p style=\"text-align: justify;\">LE DYNAMICAL NEUROFEEDBACK\u00ae \u00a0EST UN LOGICIEL QUI ADRESSE AU CERVEAU DES INFORMATIONS SUR SON FONCTIONNEMENT.<\/p>\n<p style=\"text-align: justify;\">IL PERMET AU SYST\u00c8ME NERVEUX D\u2019HARMONISER LES SCHEMAS NEURONAUX QUI MANQUENT DE CLARTE (SOUVENT CONSTRUITS EN COMPENSATION) ET RENFORCE LES SCHEMAS DEJA ECONOMIQUES.<\/p>\n<p style=\"text-align: justify;\">Le terme Neurofeedback signifie : Mesure de l&rsquo;activit\u00e9 des neurones et retour d&rsquo;informations (celles qui concernent le fonctionnement m\u00eame du cerveau) vers le sujet.<\/p>\n<p style=\"text-align: justify;\">Qu&rsquo;il s&rsquo;agisse de <strong>cognition, d&rsquo;\u00e9motion ou de motivation<\/strong>, l&rsquo;activit\u00e9 de notre cerveau est r\u00e9alis\u00e9e par un seul type de cellule ; les neurones.<\/p>\n<p style=\"text-align: justify;\">Ces neurones interagissent et communiquent entre eux. Cette communication doit \u00eatre r\u00e9gul\u00e9e comme les autres syst\u00e8mes de notre corps. Cette <strong>r\u00e9gulation<\/strong> se fait par deux forces oppos\u00e9es, exerc\u00e9es par les neurones excitateurs et les neurones inhibiteurs, qui jouent le r\u00f4le d&rsquo;acc\u00e9l\u00e9rateur et de frein.<\/p>\n<p style=\"text-align: justify;\">Une r\u00e9gulation d\u00e9faillante peut provoquer un <strong>dysfonctionnement<\/strong> aboutissant \u00e0 un inconfort dans sa vie.<\/p>\n<p style=\"text-align: justify;\"><strong>Le feedback de NeurOptimal agit directement sur le cerveau au niveau des neurones excitateurs et inhibiteurs via le d\u00e9clenchement de la r\u00e9ponse d\u2019orientation.<\/strong><\/p>\n<p style=\"text-align: justify;\">\n<p>FILM DU DR M.MEIGNANT, le bonheur est dans les neurones<\/p>\n<p><a href=\"https:\/\/www.youtube.com\/watch?v=LeX_dZIVrS0\">https:\/\/www.youtube.com\/watch?v=LeX_dZIVrS0<\/a><\/p>\n<p style=\"text-align: justify;\"><span style=\"color: #ffffff;\">.<\/span><\/p>\n<p style=\"text-align: justify;\"><strong><span style=\"color: #222222;\">Neurofeedback dynamique<\/span><\/strong><\/p>\n<ul>\n<li>\u00a0 \u00a0<strong><span style=\"color: #ff6600;\">De quoi parle-t-on ?<\/span><\/strong><\/li>\n<li>\u00a0 \u00a0<a title=\"Qu\u2019est-ce que le NFB ?\" href=\"http:\/\/psychomotricien-lille.fr\/?page_id=278\">Qu\u2019est-ce que le NFB ?<\/a><\/li>\n<li>\u00a0 \u00a0<a title=\"D\u00e9roulement d\u2019une s\u00e9ance\" href=\"http:\/\/psychomotricien-lille.fr\/?page_id=282\">D\u00e9roulement d\u2019une s\u00e9ance<\/a><\/li>\n<li>\u00a0 \u00a0<a title=\"Comment \u00e7a marche ?\" href=\"http:\/\/psychomotricien-lille.fr\/?page_id=284\">Comment \u00e7a marche ?<\/a><\/li>\n<li>\u00a0 \u00a0<a title=\"A qui s\u2019adresse le Neurofeedback ?\" href=\"http:\/\/psychomotricien-lille.fr\/?page_id=286\">A qui s\u2019adresse le neurofeedback ?<\/a><\/li>\n<li>\u00a0 \u00a0<a title=\"Neurofeedback et psychomotricit\u00e9\" href=\"http:\/\/psychomotricien-lille.fr\/?page_id=288\">Neurofeedback et psychomotricit\u00e9<\/a><\/li>\n<\/ul>\n<p style=\"text-align: justify;\">\n","protected":false},"excerpt":{"rendered":"<p>LE DYNAMICAL\u00a0NEUROFEEDBACK\u00ae\u00a0EST UN SYSTEME D\u2019ENTRAINEMENT DU CERVEAU. C\u2019EST UN OUTIL QUI S\u2019APPUIE SUR LA PLASTICITE NEURONALE, DE RESILIENCE ET D\u2019APPRENTISSAGE POUR CONDUIRE LE SYSTEME NERVEUX \u00c0 REGULARISER SON ACTIVITE ELECTRIQUE. LE DYNAMICAL NEUROFEEDBACK\u00ae \u00a0EST UN LOGICIEL QUI ADRESSE AU CERVEAU DES INFORMATIONS SUR SON FONCTIONNEMENT. IL PERMET AU SYST\u00c8ME NERVEUX D\u2019HARMONISER LES SCHEMAS NEURONAUX QUI &hellip; <a href=\"http:\/\/psychomotricien-lille.fr\/?page_id=275\" class=\"more-link\">Continuer la lecture de <span class=\"screen-reader-text\">De quoi parle-t-on ?<\/span> <span class=\"meta-nav\">&rarr;<\/span><\/a><\/p>\n","protected":false},"author":1,"featured_media":0,"parent":120,"menu_order":1,"comment_status":"open","ping_status":"open","template":"fullwidth-page.php","meta":[],"_links":{"self":[{"href":"http:\/\/psychomotricien-lille.fr\/index.php?rest_route=\/wp\/v2\/pages\/275"}],"collection":[{"href":"http:\/\/psychomotricien-lille.fr\/index.php?rest_route=\/wp\/v2\/pages"}],"about":[{"href":"http:\/\/psychomotricien-lille.fr\/index.php?rest_route=\/wp\/v2\/types\/page"}],"author":[{"embeddable":true,"href":"http:\/\/psychomotricien-lille.fr\/index.php?rest_route=\/wp\/v2\/users\/1"}],"replies":[{"embeddable":true,"href":"http:\/\/psychomotricien-lille.fr\/index.php?rest_route=%2Fwp%2Fv2%2Fcomments&post=275"}],"version-history":[{"count":7,"href":"http:\/\/psychomotricien-lille.fr\/index.php?rest_route=\/wp\/v2\/pages\/275\/revisions"}],"predecessor-version":[{"id":775,"href":"http:\/\/psychomotricien-lille.fr\/index.php?rest_route=\/wp\/v2\/pages\/275\/revisions\/775"}],"up":[{"embeddable":true,"href":"http:\/\/psychomotricien-lille.fr\/index.php?rest_route=\/wp\/v2\/pages\/120"}],"wp:attachment":[{"href":"http:\/\/psychomotricien-lille.fr\/index.php?rest_route=%2Fwp%2Fv2%2Fmedia&parent=275"}],"curies":[{"name":"wp","href":"https:\/\/api.w.org\/{rel}","templated":true}]}}