{"id":272,"date":"2014-08-26T18:03:52","date_gmt":"2014-08-26T17:03:52","guid":{"rendered":"http:\/\/psychomotricien-lille.fr\/?page_id=272"},"modified":"2021-02-20T10:18:22","modified_gmt":"2021-02-20T09:18:22","slug":"quand-appliquer","status":"publish","type":"page","link":"http:\/\/psychomotricien-lille.fr\/?page_id=272","title":{"rendered":"Quand appliquer ?"},"content":{"rendered":"<p style=\"text-align: justify;\">La m\u00e9thode Padovan de R\u00e9organisation Neurofonctionnelle permet de r\u00e9cup\u00e9rer des fonctions perdues, d\u2019installer des fonctions jamais acquises ou pr\u00e9parer l\u2019organisme \u00e0 faire \u00e9merger des fonctions et des capacit\u00e9s pour lesquelles il a du potentiel (g\u00e9n\u00e9tiquement programm\u00e9es) mais qui n\u2019ont pu se manifester par manque de stimulation ou diverses autres raisons.<\/p>\n<p style=\"text-align: justify;\">La r\u00e9organisation Neurofonctionnelle permet d\u2019entrer dans un processus de :<\/p>\n<p style=\"text-align: justify; padding-left: 30px;\"><span style=\"text-decoration: underline;\"> R\u00e9habilitation du syst\u00e8me nerveux <\/span><\/p>\n<p style=\"text-align: justify; padding-left: 30px;\">Dans de nombreux cas de pathologie du Syst\u00e8me nerveux, particuli\u00e8rement dans les cas de dysfonctionnement du d\u00e9veloppement de la motricit\u00e9, psychomoteur, de la parole et du langage, ou des apprentissages.<\/p>\n<p style=\"text-align: justify; padding-left: 30px;\"><span style=\"text-decoration: underline;\">Pr\u00e9vention et entretien de toutes les fonctions <\/span><\/p>\n<p style=\"text-align: justify; padding-left: 30px;\">Permet d\u2019am\u00e9liorer et d\u2019optimiser les performances motrices, cognitives, comme la pratique sportive, la flexibilit\u00e9 de la pens\u00e9e, la m\u00e9moire.<\/p>\n<p style=\"text-align: justify;\">La m\u00e9thode Padovan est aussi recommand\u00e9e en g\u00e9riatrie, dans les cas de perte des comp\u00e9tences. La m\u00e9thode Padovan de R\u00e9organisation Neurofonctionnelle est adapt\u00e9e pour tous les \u00e2ges dans les cas suivants :<\/p>\n<ul>\n<li>Troubles moteurs<\/li>\n<li>Paralysie c\u00e9r\u00e9brale<\/li>\n<li>Accidents vasculaires enc\u00e9phaliques (AVE)<\/li>\n<li>Traumatismes cr\u00e2niens<\/li>\n<li>Troubles de coordination de la motricit\u00e9 globale et fine<\/li>\n<li>Etc\u2026<\/li>\n<\/ul>\n<p style=\"text-align: justify;\"><em>Avec l\u2019aimable autorisation de Diana Padovan<\/em><\/p>\n<p style=\"text-align: justify;\"><span style=\"text-decoration: underline;\"><strong>EN SAVOIR PLUS au sujet de la R\u00c9ORGANISATION NEUROFONCTIONNELLE :<\/strong><\/span><\/p>\n<p><a href=\"https:\/\/padovan-synchronicite.fr\">https:\/\/padovan-synchronicite.fr<\/a><\/p>\n<p style=\"text-align: justify;\"><a href=\"http:\/\/www.padovan.ca\" target=\"_blank\" rel=\"noopener noreferrer\">www.padovan.ca<\/a><\/p>\n<p style=\"text-align: justify;\"><span style=\"color: #ffffff;\">.<\/span><\/p>\n<p><strong style=\"font-weight: bold;\">R\u00e9organisation neurofonctionnelle<\/strong><\/p>\n<ul>\n<li><a style=\"color: #ac0404;\" title=\"De quoi s\u2019agit-il ?\" href=\"http:\/\/psychomotricien-lille.fr\/?page_id=262\"><span style=\"color: #000000;\">De quoi s\u2019agit-il ?<\/span><\/a><\/li>\n<li><a title=\"Comment cela fonctionne ?\" href=\"http:\/\/psychomotricien-lille.fr\/?page_id=269\"><span style=\"color: #000000;\">Comment cela fonctionne ?<\/span><\/a><\/li>\n<li><strong><span style=\"color: #ff6600;\">Quand appliquer ?<\/span><\/strong><\/li>\n<\/ul>\n<p style=\"text-align: justify;\"><span style=\"color: #ffffff;\">\u00a0<\/span><\/p>\n","protected":false},"excerpt":{"rendered":"<p>La m\u00e9thode Padovan de R\u00e9organisation Neurofonctionnelle permet de r\u00e9cup\u00e9rer des fonctions perdues, d\u2019installer des fonctions jamais acquises ou pr\u00e9parer l\u2019organisme \u00e0 faire \u00e9merger des fonctions et des capacit\u00e9s pour lesquelles il a du potentiel (g\u00e9n\u00e9tiquement programm\u00e9es) mais qui n\u2019ont pu se manifester par manque de stimulation ou diverses autres raisons. La r\u00e9organisation Neurofonctionnelle permet d\u2019entrer &hellip; <a href=\"http:\/\/psychomotricien-lille.fr\/?page_id=272\" class=\"more-link\">Continuer la lecture de <span class=\"screen-reader-text\">Quand appliquer ?<\/span> <span class=\"meta-nav\">&rarr;<\/span><\/a><\/p>\n","protected":false},"author":1,"featured_media":0,"parent":79,"menu_order":3,"comment_status":"open","ping_status":"open","template":"fullwidth-page.php","meta":[],"_links":{"self":[{"href":"http:\/\/psychomotricien-lille.fr\/index.php?rest_route=\/wp\/v2\/pages\/272"}],"collection":[{"href":"http:\/\/psychomotricien-lille.fr\/index.php?rest_route=\/wp\/v2\/pages"}],"about":[{"href":"http:\/\/psychomotricien-lille.fr\/index.php?rest_route=\/wp\/v2\/types\/page"}],"author":[{"embeddable":true,"href":"http:\/\/psychomotricien-lille.fr\/index.php?rest_route=\/wp\/v2\/users\/1"}],"replies":[{"embeddable":true,"href":"http:\/\/psychomotricien-lille.fr\/index.php?rest_route=%2Fwp%2Fv2%2Fcomments&post=272"}],"version-history":[{"count":9,"href":"http:\/\/psychomotricien-lille.fr\/index.php?rest_route=\/wp\/v2\/pages\/272\/revisions"}],"predecessor-version":[{"id":767,"href":"http:\/\/psychomotricien-lille.fr\/index.php?rest_route=\/wp\/v2\/pages\/272\/revisions\/767"}],"up":[{"embeddable":true,"href":"http:\/\/psychomotricien-lille.fr\/index.php?rest_route=\/wp\/v2\/pages\/79"}],"wp:attachment":[{"href":"http:\/\/psychomotricien-lille.fr\/index.php?rest_route=%2Fwp%2Fv2%2Fmedia&parent=272"}],"curies":[{"name":"wp","href":"https:\/\/api.w.org\/{rel}","templated":true}]}}