{"id":269,"date":"2014-08-26T17:58:27","date_gmt":"2014-08-26T16:58:27","guid":{"rendered":"http:\/\/psychomotricien-lille.fr\/?page_id=269"},"modified":"2021-02-20T09:54:09","modified_gmt":"2021-02-20T08:54:09","slug":"comment-cela-fonctionne","status":"publish","type":"page","link":"http:\/\/psychomotricien-lille.fr\/?page_id=269","title":{"rendered":"Comment cela fonctionne ?"},"content":{"rendered":"<p style=\"text-align: justify;\">Le syst\u00e8me nerveux est le principal m\u00e9diateur et int\u00e9grateur des fonctions du corps humain. L&rsquo;homme poss\u00e8de un programme g\u00e9n\u00e9tique, qui devient efficient par une stimulation adapt\u00e9e et un environnement appropri\u00e9.<\/p>\n<p style=\"text-align: justify;\">D\u00e8s la naissance, le b\u00e9b\u00e9 passe par des \u00e9tapes bien d\u00e9termin\u00e9es de la neuro-\u00e9volution, qui vont favoriser la maturation et l&rsquo;int\u00e9gration de l&rsquo;ensemble du syst\u00e8me nerveux.<\/p>\n<p style=\"text-align: justify;\">Ce processus \u00e9volutif va permettre une bonne organisation des fonctions sensori-motrices, langagi\u00e8res et cognitives. La m\u00e9thode revisite toutes ces \u00e9tapes afin de redonner au syst\u00e8me nerveux les bonnes informations lui permettant de recr\u00e9er les circuits nerveux. C\u2019est un balayage global des fonctions sensori-motrices du corps, des mains, des yeux, de la bouche.<\/p>\n<p style=\"text-align: justify;\">En th\u00e9rapie, des exercices corporels, qui r\u00e9capitulent les \u00e9tapes de l&rsquo;acquisition de la marche humaine sont r\u00e9alis\u00e9s en passant par les \u00e9tapes, pas \u00e0 pas, du processus de d\u00e9placement et de verticalisation du corps, suivie d&rsquo;exercices de r\u00e9\u00e9ducation des fonctions de R\u00e9flexes-V\u00e9g\u00e9tatifs Orales (respiration, succion, mastication et d\u00e9glutition).<\/p>\n<p style=\"text-align: justify;\">Les fonctions orales appel\u00e9es fonctions pr\u00e9-linguistiques, pr\u00e9parent les mouvements de la parole articul\u00e9e, fondement du processus de la communication humaine et du langage.<\/p>\n<p style=\"text-align: justify;\">Cette approche th\u00e9rapeutique est utilis\u00e9e pour r\u00e9cup\u00e9rer des fonctions perdues, des fonctions jamais acquises ou m\u00eame pr\u00e9parer l&rsquo;organisme afin qu&rsquo;il puisse acqu\u00e9rir des capacit\u00e9s qui lui permettront d&rsquo;atteindre toute sa potentialit\u00e9.<\/p>\n<p style=\"text-align: justify;\">Cette m\u00e9thode peut \u00eatre appliqu\u00e9e \u00e0 titre curatif, pr\u00e9ventif ou d&rsquo;entretien du syst\u00e8me nerveux.<\/p>\n<p style=\"text-align: justify;\"><span style=\"color: #ffffff;\">.<\/span><\/p>\n<p style=\"text-align: justify;\"><strong>R\u00e9organisation neurofonctionnelle<\/strong><\/p>\n<ul>\n<li><a title=\"De quoi s\u2019agit-il ?\" href=\"http:\/\/psychomotricien-lille.fr\/?page_id=262\"><span style=\"color: #000000;\">De quoi s\u2019agit-il ?<\/span><\/a><\/li>\n<li><strong><span style=\"color: #ff6600;\">Comment cela fonctionne ?<\/span><\/strong><\/li>\n<li><a title=\"Quand appliquer ?\" href=\"http:\/\/psychomotricien-lille.fr\/?page_id=272\">Quand appliquer ?<\/a><\/li>\n<\/ul>\n","protected":false},"excerpt":{"rendered":"<p>Le syst\u00e8me nerveux est le principal m\u00e9diateur et int\u00e9grateur des fonctions du corps humain. L&rsquo;homme poss\u00e8de un programme g\u00e9n\u00e9tique, qui devient efficient par une stimulation adapt\u00e9e et un environnement appropri\u00e9. D\u00e8s la naissance, le b\u00e9b\u00e9 passe par des \u00e9tapes bien d\u00e9termin\u00e9es de la neuro-\u00e9volution, qui vont favoriser la maturation et l&rsquo;int\u00e9gration de l&rsquo;ensemble du syst\u00e8me &hellip; <a href=\"http:\/\/psychomotricien-lille.fr\/?page_id=269\" class=\"more-link\">Continuer la lecture de <span class=\"screen-reader-text\">Comment cela fonctionne ?<\/span> <span class=\"meta-nav\">&rarr;<\/span><\/a><\/p>\n","protected":false},"author":1,"featured_media":0,"parent":79,"menu_order":2,"comment_status":"open","ping_status":"open","template":"fullwidth-page.php","meta":[],"_links":{"self":[{"href":"http:\/\/psychomotricien-lille.fr\/index.php?rest_route=\/wp\/v2\/pages\/269"}],"collection":[{"href":"http:\/\/psychomotricien-lille.fr\/index.php?rest_route=\/wp\/v2\/pages"}],"about":[{"href":"http:\/\/psychomotricien-lille.fr\/index.php?rest_route=\/wp\/v2\/types\/page"}],"author":[{"embeddable":true,"href":"http:\/\/psychomotricien-lille.fr\/index.php?rest_route=\/wp\/v2\/users\/1"}],"replies":[{"embeddable":true,"href":"http:\/\/psychomotricien-lille.fr\/index.php?rest_route=%2Fwp%2Fv2%2Fcomments&post=269"}],"version-history":[{"count":3,"href":"http:\/\/psychomotricien-lille.fr\/index.php?rest_route=\/wp\/v2\/pages\/269\/revisions"}],"predecessor-version":[{"id":763,"href":"http:\/\/psychomotricien-lille.fr\/index.php?rest_route=\/wp\/v2\/pages\/269\/revisions\/763"}],"up":[{"embeddable":true,"href":"http:\/\/psychomotricien-lille.fr\/index.php?rest_route=\/wp\/v2\/pages\/79"}],"wp:attachment":[{"href":"http:\/\/psychomotricien-lille.fr\/index.php?rest_route=%2Fwp%2Fv2%2Fmedia&parent=269"}],"curies":[{"name":"wp","href":"https:\/\/api.w.org\/{rel}","templated":true}]}}