{"id":206,"date":"2014-08-25T17:03:15","date_gmt":"2014-08-25T16:03:15","guid":{"rendered":"http:\/\/psychomotricien-lille.fr\/?page_id=206"},"modified":"2020-04-23T13:24:57","modified_gmt":"2020-04-23T12:24:57","slug":"pour-qui","status":"publish","type":"page","link":"http:\/\/psychomotricien-lille.fr\/?page_id=206","title":{"rendered":"Pour qui ?"},"content":{"rendered":"<p><strong>Que vous soyez ou non en situation de handicap, vous pouvez \u00eatre confront\u00e9 \u00e0 des troubles psychomoteurs : retard, immaturit\u00e9, comportement lat\u00e9ralit\u00e9, organisation spatio-temporelle, concentration, m\u00e9moire, \u00e9criture, maladresses, &#8230;<\/strong><\/p>\n<hr size=\"2\" \/>\n<h2 style=\"text-align: center;\">POUR VOTRE ENFANT<\/h2>\n<hr size=\"2\" \/>\n<h3>LE B\u00c9B\u00c9<\/h3>\n<ul>\n<li style=\"text-align: justify;\">Votre tout petit pr\u00e9sente un retard dans son d\u00e9veloppement ?<\/li>\n<li style=\"text-align: justify;\">Il ne rampe pas, ne fait pas de 4 pattes ?<\/li>\n<li style=\"text-align: justify;\">Il a un contact difficile, r\u00e9agit peu visuellement et\/ ou auditivement ?<\/li>\n<li style=\"text-align: justify;\">Il a des troubles du sommeil, des troubles alimentaires ?<\/li>\n<li style=\"text-align: justify;\">Il est n\u00e9 pr\u00e9matur\u00e9ment ?<\/li>\n<\/ul>\n<p style=\"text-align: justify;\">Le c\u00e2blage pr\u00e9coce du syst\u00e8me nerveux est \u00e9troitement li\u00e9 aux \u00e9tapes du d\u00e9veloppement psychomoteur du tout petit.<br \/>\nIl n\u2019est jamais trop t\u00f4t pour consulter un psychomotricien.<br \/>\nC\u2019est l\u2019ensemble de son d\u00e9veloppement moteur, postural, sensoriel mais aussi intellectuel et affectif qui en d\u00e9pend.<\/p>\n<h3>L\u2019ENFANT<\/h3>\n<ul>\n<li style=\"text-align: justify;\">Il dort mal ? Il ne veut plus aller \u00e0 l\u2019\u00e9cole ?<\/li>\n<li style=\"text-align: justify;\">Il est bloqu\u00e9 dans l\u2019\u00e9criture ou la lecture ?<\/li>\n<li style=\"text-align: justify;\">Il n\u2019arrive pas \u00e0 se concentrer, \u00e0 m\u00e9moriser ?<\/li>\n<li style=\"text-align: justify;\">Il a du mal \u00e0 s\u2019adapter \u00e0 un nouvel environnement ou \u00e0 un nouveau sch\u00e9ma familial ?<\/li>\n<li style=\"text-align: justify;\">Il entre difficilement en relation, n\u2019arrive pas \u00e0 prendre d\u2019initiative, ne joue pas ?<\/li>\n<li style=\"text-align: justify;\">Il est lent, maladroit, pataud. Il se cogne ?<\/li>\n<li style=\"text-align: justify;\">Il est toujours en mouvement, en retrait ?<\/li>\n<li style=\"text-align: justify;\">Il manque de confiance en lui, \u00ab t\u00eate en l\u2019air \u00bb, peu autonome ?<\/li>\n<li style=\"text-align: justify;\">Il semble nerveux, peureux, renferm\u00e9 ou bien agressif<\/li>\n<\/ul>\n<h3>L\u2019ADOLESCENT<\/h3>\n<p style=\"text-align: justify;\">L\u2019adolescence est une p\u00e9riode d\u2019intenses m\u00e9tamorphoses. Au cours de ces transformations, parfois brutales, il doit remanier en permanence son sch\u00e9ma corporel et l\u2019image qu\u2019il a de lui m\u00eame.<br \/>\nC\u2019est aussi une p\u00e9riode de recherche identitaire importante, \u00e9motionnellement fragilisante.<\/p>\n<p style=\"text-align: justify;\">Il se peut que des difficult\u00e9s mineures dans l\u2019enfance se cristallisent \u00e0 l\u2019adolescence :<\/p>\n<ul>\n<li>Il a des difficult\u00e9s d\u2019apprentissage (lecture, \u00e9criture, concentration, m\u00e9morisation<\/li>\n<li>Il a une mauvaise image de lui, se d\u00e9nigre ?<\/li>\n<li>Il est anxieux, dort peu ou trop ?<\/li>\n<li>Il d\u00e9veloppe des conduites addictives ?<\/li>\n<li>Il se montre agressif, il coupe la communication ?<\/li>\n<li>Il ne parvient pas \u00e0 s\u2019organiser, \u00e0 \u00eatre autonome ?<\/li>\n<li>Il veut pr\u00e9parer un examen avec confiance et s\u00e9r\u00e9nit\u00e9<\/li>\n<li>Am\u00e9liorer ses performances sportives et artistiques<\/li>\n<li>D\u00e9velopper sa cr\u00e9ativit\u00e9<\/li>\n<\/ul>\n<hr size=\"2\" \/>\n<h2 style=\"text-align: center;\">POUR VOUS<\/h2>\n<hr size=\"2\" \/>\n<ul>\n<li>Vous avez des tensions physiques inexpliqu\u00e9es et des douleurs musculaires ?<\/li>\n<li>Vous \u00eates toujours fatigu\u00e9s, votre sommeil est perturb\u00e9 ?<\/li>\n<li>Vous somatisez ?<\/li>\n<li>Vous vous sentez influen\u00e7able, manquez de rep\u00e8res ?<\/li>\n<li>Vous r\u00e9p\u00e9tez les m\u00eames sch\u00e9mas de fonctionnement, les m\u00eames erreurs ?<\/li>\n<li>Vous vous sentez triste, m\u00e9lancolique, agressif, en col\u00e8re ?<\/li>\n<li>Vous \u00eates trop sensible, timide ?<\/li>\n<li>Vous \u00eates anxieux, stress\u00e9s ?<\/li>\n<li>Vous procrastinez, ne savez pas dire non, faire des choix ?<\/li>\n<li>Vous voulez vous affirmer, \u00eatre plus s\u00fbr de vous ?<\/li>\n<li>Etre plus efficace, plus performant ?<\/li>\n<li>Plus adaptable et motiv\u00e9, mieux communiquer?<\/li>\n<li>Changer de vie, prendre un nouveau d\u00e9part ?<\/li>\n<\/ul>\n<hr size=\"2\" \/>\n<h2 style=\"text-align: center;\">POUR VOTRE PARENT<\/h2>\n<hr size=\"2\" \/>\n<p style=\"text-align: justify;\">Le vieillissement s\u2019accompagne d\u2019une perte de l\u2019autonomie, de la qualit\u00e9 des mouvements et de l\u2019\u00e9quilibre.<br \/>\nUn travail postural et en psychomotricit\u00e9 permet de maintenir l\u2019ind\u00e9pendance et le go\u00fbt \u00e0 la vie.<\/p>\n<p>Votre parent ou vous m\u00eame avez :<\/p>\n<ul>\n<li>Une perte de la mobilit\u00e9 ?<\/li>\n<li>Des crispations, manque de tonus, tremblements ?<\/li>\n<li>Des difficult\u00e9s \u00e0 planifier et la r\u00e9aliser les gestes du quotidien ?<\/li>\n<li>A vous orienter dans le temps, dans l\u2019espace ?<\/li>\n<li>Des troubles a m\u00e9moire, de l\u2019attention ?<\/li>\n<li>Des difficult\u00e9s \u00e0 communiquer ?<\/li>\n<li>Des tendances \u00e0 vous couper des autres ?<\/li>\n<li>Des tendances \u00e0 vous agiter, \u00e0 \u00eatre impulsif, \u00e0 devenir agressif ?<\/li>\n<\/ul>\n<p>Vous voulez :<\/p>\n<ul>\n<li>R\u00e9cup\u00e9rer plus vite apr\u00e8s une hospitalisation<\/li>\n<li>Eloigner la crainte de la chute<\/li>\n<li>Maintenir votre m\u00e9moire, votre mobilit\u00e9, votre autonomie<\/li>\n<li>Ralentir les sympt\u00f4mes des maladies d\u00e9g\u00e9n\u00e9ratives<\/li>\n<\/ul>\n<hr size=\"2\" \/>\n<h2 style=\"text-align: center;\">POUR LA PERSONNE EN SITUATION DE HANDICAP<\/h2>\n<hr size=\"2\" \/>\n<p style=\"text-align: justify;\">La psychomotricit\u00e9 participe \u00e0 r\u00e9v\u00e9ler son potentiel et \u00e0 accompagner vers une maturit\u00e9 la mieux organis\u00e9e et la plus aboutie possible chaque personne en situation de handicap.<\/p>\n<p style=\"text-align: justify;\">Qu\u2019il s\u2019agisse d\u2019un handicap moteur, intellectuel, sensoriel, g\u00e9n\u00e9tique ou acquis.<\/p>\n<p style=\"text-align: justify;\">Elle contribue \u00e0 accompagner les troubles du d\u00e9veloppement dont des TED, autismes, Dys\u2026 mais aussi la pr\u00e9cocit\u00e9 intellectuelle dont la dysharmonie peut parfois \u00eatre lourde de cons\u00e9quences.<\/p>\n<p style=\"text-align: justify;\">Un travail psychomoteur favorise le maintient de l\u2019autonomie au cours des maladies d\u00e9g\u00e9n\u00e9ratives de type d\u00e9mences, Alzheimer ou syndrome Parkinsonnien.<\/p>\n","protected":false},"excerpt":{"rendered":"<p>Que vous soyez ou non en situation de handicap, vous pouvez \u00eatre confront\u00e9 \u00e0 des troubles psychomoteurs : retard, immaturit\u00e9, comportement lat\u00e9ralit\u00e9, organisation spatio-temporelle, concentration, m\u00e9moire, \u00e9criture, maladresses, &#8230; POUR VOTRE ENFANT LE B\u00c9B\u00c9 Votre tout petit pr\u00e9sente un retard dans son d\u00e9veloppement ? Il ne rampe pas, ne fait pas de 4 pattes ? &hellip; <a href=\"http:\/\/psychomotricien-lille.fr\/?page_id=206\" class=\"more-link\">Continuer la lecture de <span class=\"screen-reader-text\">Pour qui ?<\/span> <span class=\"meta-nav\">&rarr;<\/span><\/a><\/p>\n","protected":false},"author":1,"featured_media":0,"parent":0,"menu_order":4,"comment_status":"closed","ping_status":"closed","template":"","meta":[],"_links":{"self":[{"href":"http:\/\/psychomotricien-lille.fr\/index.php?rest_route=\/wp\/v2\/pages\/206"}],"collection":[{"href":"http:\/\/psychomotricien-lille.fr\/index.php?rest_route=\/wp\/v2\/pages"}],"about":[{"href":"http:\/\/psychomotricien-lille.fr\/index.php?rest_route=\/wp\/v2\/types\/page"}],"author":[{"embeddable":true,"href":"http:\/\/psychomotricien-lille.fr\/index.php?rest_route=\/wp\/v2\/users\/1"}],"replies":[{"embeddable":true,"href":"http:\/\/psychomotricien-lille.fr\/index.php?rest_route=%2Fwp%2Fv2%2Fcomments&post=206"}],"version-history":[{"count":11,"href":"http:\/\/psychomotricien-lille.fr\/index.php?rest_route=\/wp\/v2\/pages\/206\/revisions"}],"predecessor-version":[{"id":550,"href":"http:\/\/psychomotricien-lille.fr\/index.php?rest_route=\/wp\/v2\/pages\/206\/revisions\/550"}],"wp:attachment":[{"href":"http:\/\/psychomotricien-lille.fr\/index.php?rest_route=%2Fwp%2Fv2%2Fmedia&parent=206"}],"curies":[{"name":"wp","href":"https:\/\/api.w.org\/{rel}","templated":true}]}}