{"id":2,"date":"2014-07-19T12:59:48","date_gmt":"2014-07-19T11:59:48","guid":{"rendered":"http:\/\/psychomotricien-lille.fr\/?page_id=2"},"modified":"2024-01-19T11:51:58","modified_gmt":"2024-01-19T10:51:58","slug":"page-d-exemple","status":"publish","type":"page","link":"http:\/\/psychomotricien-lille.fr\/","title":{"rendered":"Le cabinet"},"content":{"rendered":"\n<p class=\"has-text-align-center has-medium-font-size\"><strong>Le cabinet se renouvelle ! <\/strong><\/p>\n\n\n\n<p class=\"has-text-align-center has-medium-font-size\"><strong>Retrouvez nous sur notre nouveau site internet : <\/strong><\/p>\n\n\n\n<p class=\"has-text-align-center has-medium-font-size\"><strong><a href=\"https:\/\/grandir-en-corps.fr\">https:\/\/grandir-en-corps.fr<\/a><\/strong><\/p>\n\n\n\n<figure class=\"wp-block-gallery has-nested-images columns-default is-cropped wp-block-gallery-1 is-layout-flex\">\n<figure class=\"wp-block-image size-large\"><img decoding=\"async\" loading=\"lazy\" width=\"1024\" height=\"683\" data-id=\"858\"  src=\"http:\/\/psychomotricien-lille.fr\/wp-content\/uploads\/2022\/11\/Cabinet0054-web-1-1-1024x683.jpg\" alt=\"\" class=\"wp-image-858\" srcset=\"http:\/\/psychomotricien-lille.fr\/wp-content\/uploads\/2022\/11\/Cabinet0054-web-1-1-1024x683.jpg 1024w, http:\/\/psychomotricien-lille.fr\/wp-content\/uploads\/2022\/11\/Cabinet0054-web-1-1-300x200.jpg 300w, http:\/\/psychomotricien-lille.fr\/wp-content\/uploads\/2022\/11\/Cabinet0054-web-1-1-768x512.jpg 768w, http:\/\/psychomotricien-lille.fr\/wp-content\/uploads\/2022\/11\/Cabinet0054-web-1-1-1536x1024.jpg 1536w, http:\/\/psychomotricien-lille.fr\/wp-content\/uploads\/2022\/11\/Cabinet0054-web-1-1.jpg 1920w\" sizes=\"(max-width: 1024px) 100vw, 1024px\" \/><\/figure>\n<\/figure>\n\n\n\n<div class=\"wp-block-group is-layout-flow\"><div class=\"wp-block-group__inner-container\">\n<figure class=\"wp-block-gallery aligncenter has-nested-images columns-default is-cropped wp-block-gallery-3 is-layout-flex\">\n<figure class=\"wp-block-image size-full\"><img decoding=\"async\" loading=\"lazy\" width=\"1262\" height=\"397\" src=\"http:\/\/psychomotricien-lille.fr\/wp-content\/uploads\/2022\/09\/accueil-3.png\" alt=\"\" class=\"wp-image-831\" srcset=\"http:\/\/psychomotricien-lille.fr\/wp-content\/uploads\/2022\/09\/accueil-3.png 1262w, http:\/\/psychomotricien-lille.fr\/wp-content\/uploads\/2022\/09\/accueil-3-300x94.png 300w, http:\/\/psychomotricien-lille.fr\/wp-content\/uploads\/2022\/09\/accueil-3-1024x322.png 1024w, http:\/\/psychomotricien-lille.fr\/wp-content\/uploads\/2022\/09\/accueil-3-768x242.png 768w\" sizes=\"(max-width: 1262px) 100vw, 1262px\" \/><\/figure>\n<\/figure>\n\n\n\n<h3 class=\"wp-block-heading has-text-align-center\">L&rsquo;accompagnement th\u00e9rapeutique au cabinet des patients de tous \u00e2ges TRAVAILLE \u00c0 UNE MEILLEURE R\u00c9GULATION DU FONCTIONNEMENT DU SYST\u00c8ME NERVEUX et permet une am\u00e9lioration du d\u00e9veloppement psychomoteur, du comportement, de la stabilit\u00e9\n                          \u00e9motionnelle, de la disponibilit\u00e9 aux apprentissages, de la gestion du stress, des troubles li\u00e9s au vieillissement et, de fa\u00e7on g\u00e9n\u00e9rale, \u00e0 une meilleure adaptabilit\u00e9 et autonomie.<\/h3>\n<\/div><\/div>\n\n\n<p style=\"text-align: justify;\"><span style=\"color: #ffffff;\"><br><img decoding=\"async\" loading=\"lazy\" class=\"aligncenter wp-image-195\" src=\"http:\/\/psychomotricien-lille.fr\/wp-content\/uploads\/2014\/07\/Cloud-1.png\" alt=\"Cloud 1\" width=\"950\" height=\"448\" srcset=\"http:\/\/psychomotricien-lille.fr\/wp-content\/uploads\/2014\/07\/Cloud-1.png 1000w, http:\/\/psychomotricien-lille.fr\/wp-content\/uploads\/2014\/07\/Cloud-1-300x141.png 300w\" sizes=\"(max-width: 950px) 100vw, 950px\" \/><\/span><\/p>\n<p style=\"text-align: justify;\"><\/p>","protected":false},"excerpt":{"rendered":"<p>Le cabinet se renouvelle ! Retrouvez nous sur notre nouveau site internet : https:\/\/grandir-en-corps.fr L&rsquo;accompagnement th\u00e9rapeutique au cabinet des patients de tous \u00e2ges TRAVAILLE \u00c0 UNE MEILLEURE R\u00c9GULATION DU FONCTIONNEMENT DU SYST\u00c8ME NERVEUX et permet une am\u00e9lioration du d\u00e9veloppement psychomoteur, du comportement, de la stabilit\u00e9 \u00e9motionnelle, de la disponibilit\u00e9 aux apprentissages, de la gestion du &hellip; <a href=\"http:\/\/psychomotricien-lille.fr\/\" class=\"more-link\">Continuer la lecture de <span class=\"screen-reader-text\">Le cabinet<\/span> <span class=\"meta-nav\">&rarr;<\/span><\/a><\/p>\n","protected":false},"author":1,"featured_media":0,"parent":0,"menu_order":1,"comment_status":"closed","ping_status":"closed","template":"page-templates\/full-width-page.php","meta":[],"_links":{"self":[{"href":"http:\/\/psychomotricien-lille.fr\/index.php?rest_route=\/wp\/v2\/pages\/2"}],"collection":[{"href":"http:\/\/psychomotricien-lille.fr\/index.php?rest_route=\/wp\/v2\/pages"}],"about":[{"href":"http:\/\/psychomotricien-lille.fr\/index.php?rest_route=\/wp\/v2\/types\/page"}],"author":[{"embeddable":true,"href":"http:\/\/psychomotricien-lille.fr\/index.php?rest_route=\/wp\/v2\/users\/1"}],"replies":[{"embeddable":true,"href":"http:\/\/psychomotricien-lille.fr\/index.php?rest_route=%2Fwp%2Fv2%2Fcomments&post=2"}],"version-history":[{"count":21,"href":"http:\/\/psychomotricien-lille.fr\/index.php?rest_route=\/wp\/v2\/pages\/2\/revisions"}],"predecessor-version":[{"id":875,"href":"http:\/\/psychomotricien-lille.fr\/index.php?rest_route=\/wp\/v2\/pages\/2\/revisions\/875"}],"wp:attachment":[{"href":"http:\/\/psychomotricien-lille.fr\/index.php?rest_route=%2Fwp%2Fv2%2Fmedia&parent=2"}],"curies":[{"name":"wp","href":"https:\/\/api.w.org\/{rel}","templated":true}]}}